{"id":55,"date":"2019-10-14T18:57:59","date_gmt":"2019-10-14T17:57:59","guid":{"rendered":"https:\/\/www.krippenlandschaft.ch\/?page_id=55"},"modified":"2026-03-14T16:00:03","modified_gmt":"2026-03-14T15:00:03","slug":"oeffnungszeiten","status":"publish","type":"page","link":"https:\/\/www.krippenlandschaft.ch\/?page_id=55","title":{"rendered":"\u00d6ffnungszeiten"},"content":{"rendered":"\n<p><br><strong>Dauer: Montag, 30. M\u00e4rz 2026 bis Pfingstmontag, 25. Mai 2026<\/strong><\/p>\n\n\n\n<p><strong>Termine: <\/strong><\/p>\n\n\n\n<p>nach Absprache &#8211; Anmeldung \u00fcber: <a href=\"https:\/\/www.krippenlandschaft.ch\/?page_id=45\" data-type=\"page\" data-id=\"45\">Kontakt<\/a><\/p>\n\n\n\n<p><\/p>\n\n\n\n<p><strong>Ort: Thomas Wolfer, B\u00e4renplatz 4, 5615 Fahrwangen&nbsp;<\/strong><\/p>\n\n\n\n<p><strong>(Eingang + Klingel: B\u00e4renplatz 2)&nbsp; Bitte melden Sie sich f\u00fcr einen Besuch an<\/strong>: <a href=\"https:\/\/www.krippenlandschaft.ch\/?page_id=45\" data-type=\"page\" data-id=\"45\">Kontakt<\/a><\/p>\n\n\n\n<p><\/p>\n","protected":false},"excerpt":{"rendered":"<p>Dauer: Montag, 30. M\u00e4rz 2026 bis Pfingstmontag, 25. Mai 2026 Termine: nach Absprache &#8211; Anmeldung \u00fcber: Kontakt Ort: Thomas Wolfer, B\u00e4renplatz 4, 5615 Fahrwangen&nbsp; (Eingang + Klingel: B\u00e4renplatz 2)&nbsp; Bitte melden Sie sich f\u00fcr einen Besuch an: Kontakt<\/p>\n","protected":false},"author":1,"featured_media":0,"parent":0,"menu_order":0,"comment_status":"closed","ping_status":"closed","template":"","meta":{"footnotes":""},"class_list":["post-55","page","type-page","status-publish","hentry"],"_links":{"self":[{"href":"https:\/\/www.krippenlandschaft.ch\/index.php?rest_route=\/wp\/v2\/pages\/55","targetHints":{"allow":["GET"]}}],"collection":[{"href":"https:\/\/www.krippenlandschaft.ch\/index.php?rest_route=\/wp\/v2\/pages"}],"about":[{"href":"https:\/\/www.krippenlandschaft.ch\/index.php?rest_route=\/wp\/v2\/types\/page"}],"author":[{"embeddable":true,"href":"https:\/\/www.krippenlandschaft.ch\/index.php?rest_route=\/wp\/v2\/users\/1"}],"replies":[{"embeddable":true,"href":"https:\/\/www.krippenlandschaft.ch\/index.php?rest_route=%2Fwp%2Fv2%2Fcomments&post=55"}],"version-history":[{"count":12,"href":"https:\/\/www.krippenlandschaft.ch\/index.php?rest_route=\/wp\/v2\/pages\/55\/revisions"}],"predecessor-version":[{"id":185,"href":"https:\/\/www.krippenlandschaft.ch\/index.php?rest_route=\/wp\/v2\/pages\/55\/revisions\/185"}],"wp:attachment":[{"href":"https:\/\/www.krippenlandschaft.ch\/index.php?rest_route=%2Fwp%2Fv2%2Fmedia&parent=55"}],"curies":[{"name":"wp","href":"https:\/\/api.w.org\/{rel}","templated":true}]}}