{"id":8,"date":"2019-01-07T18:01:19","date_gmt":"2019-01-07T18:01:19","guid":{"rendered":"https:\/\/www.krippenlandschaft.ch\/?page_id=8"},"modified":"2026-03-14T15:42:45","modified_gmt":"2026-03-14T14:42:45","slug":"startseite","status":"publish","type":"page","link":"https:\/\/www.krippenlandschaft.ch\/","title":{"rendered":"Herzlich Willkommen"},"content":{"rendered":"<p class=\"western\" lang=\"de-CH\" align=\"center\"><span style=\"font-size: x-large;\"><u><b>Sonderausstellung: <\/b><\/u><\/span><\/p>\n<p class=\"western\" lang=\"de-CH\" align=\"center\"><span style=\"font-size: x-large;\"><u><b>Jesus &#8211; Sein Leben von Geburt bis Tod und Auferstehung<\/b><\/u><\/span><\/p>\n<p class=\"western\" lang=\"de-CH\" align=\"center\"><span style=\"font-size: large;\"><b>Mit zahlreichen Szenen aus der Jahres- und Osterkrippe<\/b><\/span><\/p>\n<p class=\"western\" lang=\"de-CH\"><span style=\"font-size: x-large;\"><b>Montag, 30. M\u00e4rz bis Pfingstmontag, 25. Mai 2025<\/b><\/span><\/p>\n<p><strong><u>Die figurenreichste Krippenlandschaft der Schweiz mit <\/u><\/strong><strong><u>etwa 1500 Figuren auf ca. 30-35 Quadratmeter Ausstellungsfl\u00e4che<\/u><\/strong><\/p>\n<p><a href=\"https:\/\/www.krippenlandschaft.ch\/?page_id=55\">\u00d6ffnungszeiten<\/a><\/p>\n<p><a href=\"https:\/\/www.krippenlandschaft.ch\/wp-content\/uploads\/2026\/03\/Fahrwanger-Krippenlandschaft-Sonderausstellung-Flyer-2026.pdf\" target=\"_blank\" rel=\"noopener\">Flyer Krippenlandschaft<\/a><\/p>\n<p lang=\"de-CH\" align=\"justify\"><strong>Ausstellung<\/strong><\/p>\n<p class=\"western\" lang=\"de-CH\" align=\"justify\"><span style=\"font-size: large;\">Die Ausstellung umfasst die Weihnachtsgeschichten nach Lukas und Matth\u00e4us, zahlreiche Begebenheiten aus seinem Leben <\/span><span style=\"font-size: large;\"><b>(z.B. Hochzeit zu Kana, Taufe, Zach\u00e4us, die Auferweckung der Tochter des Jairus, Maria und Marta, Lazarus, diverse Heilungen, das Gleichnis vom barmherzigen Samariter)<\/b><\/span> <span style=\"font-size: large;\"><b>sowie Szenen aus der Passion wie den Einzug in Jerusalem, das letzte Abendmahl, die Nacht am \u00d6lberg, Kreuzigung und Auferstehung. <\/b><\/span><span style=\"font-size: large;\">Insgesamt sind es 60 &#8211; 70 biblische oder von der Bibel abgeleitete Szenen. Gezeigt werden inklusive Tiere weit \u00fcber 1500 Figuren aus Italien, Spanien und Deutschland, darunter neapolitanische Tonfiguren in unterschiedlichen Gr\u00f6ssen sowie geschnitzte und bekleidete Figuren aus dem Gr\u00f6dner Tal. Nebst den biblischen Figuren rund um Jesu Leben bev\u00f6lkern H\u00e4ndler, Handwerker und Landwirte die zahlreichen Geb\u00e4ude, St\u00e4dte und Landschaften.<\/span><\/p>\n<p><strong><u>Hinweise zum Besuch der Ausstellung<\/u><\/strong><\/p>\n<p><strong>Da es in der Ausstellung sehr beengt ist, sind Gruppenf\u00fchrungen nicht m\u00f6glich! <\/strong>Besuche bitte nur nach Anmeldung. Eine fr\u00fchzeitige Terminabsprache per Telefon oder E-Mail ist empfohlen. F\u00fcr jeden Besuch stehen mehrere Stunden zur Verf\u00fcgung. Bitte achten Sie auf enganliegende Kleidung und sauberes Schuhwerk. Ideale Besucherzahl: 2 &#8211; 4 Personen, bei Kindergruppen im Primarschulalter (zum Beispiel Religions-Unti) sind bis zu 8 Kinder und eine Begleitperson m\u00f6glich.<\/p>\n<p lang=\"de-CH\" align=\"justify\">Kurzfristige Anmeldungen per Telefon sind m\u00f6glich. Es sollten aber mindestens 60 Minuten zwischen Anmeldung und Eintreffen liegen<\/p>\n<p><strong>Die Ausstellung ist leider nicht behindertengerecht.<\/strong> Besucher m\u00fcssen eigenst\u00e4ndig ohne Hilfsmittel gehen k\u00f6nnen. Es gibt keine M\u00f6glichkeit, sich festzuhalten. Manche Teile der Ausstellung m\u00fcssen nacheinander einzeln angesehen werden. Die G\u00e4nge sind sehr eng.<\/p>\n<p><strong>Bitte verzichten Sie auf einen Besuch, wenn Sie oder jemand in ihrem Umfeld an einem ansteckenden Infekt leidet. <\/strong><\/p>\n<p><strong>Der Eintritt ist frei<\/strong><\/p>\n<p><strong>Thomas Wolfer<\/strong><\/p>\n","protected":false},"excerpt":{"rendered":"<p>Sonderausstellung: Jesus &#8211; Sein Leben von Geburt bis Tod und Auferstehung Mit zahlreichen Szenen aus der Jahres- und Osterkrippe Montag, 30. M\u00e4rz bis Pfingstmontag, 25. Mai 2025 Die figurenreichste Krippenlandschaft der Schweiz mit etwa 1500 Figuren auf ca. 30-35 Quadratmeter Ausstellungsfl\u00e4che \u00d6ffnungszeiten Flyer Krippenlandschaft Ausstellung Die Ausstellung umfasst die Weihnachtsgeschichten nach Lukas und Matth\u00e4us, zahlreiche &hellip; <\/p>\n<p class=\"link-more\"><a href=\"https:\/\/www.krippenlandschaft.ch\/\" class=\"more-link\"><span class=\"screen-reader-text\">\u201eHerzlich Willkommen\u201c <\/span>weiterlesen<\/a><\/p>\n","protected":false},"author":1,"featured_media":0,"parent":0,"menu_order":0,"comment_status":"closed","ping_status":"closed","template":"","meta":{"footnotes":""},"class_list":["post-8","page","type-page","status-publish","hentry"],"_links":{"self":[{"href":"https:\/\/www.krippenlandschaft.ch\/index.php?rest_route=\/wp\/v2\/pages\/8","targetHints":{"allow":["GET"]}}],"collection":[{"href":"https:\/\/www.krippenlandschaft.ch\/index.php?rest_route=\/wp\/v2\/pages"}],"about":[{"href":"https:\/\/www.krippenlandschaft.ch\/index.php?rest_route=\/wp\/v2\/types\/page"}],"author":[{"embeddable":true,"href":"https:\/\/www.krippenlandschaft.ch\/index.php?rest_route=\/wp\/v2\/users\/1"}],"replies":[{"embeddable":true,"href":"https:\/\/www.krippenlandschaft.ch\/index.php?rest_route=%2Fwp%2Fv2%2Fcomments&post=8"}],"version-history":[{"count":24,"href":"https:\/\/www.krippenlandschaft.ch\/index.php?rest_route=\/wp\/v2\/pages\/8\/revisions"}],"predecessor-version":[{"id":170,"href":"https:\/\/www.krippenlandschaft.ch\/index.php?rest_route=\/wp\/v2\/pages\/8\/revisions\/170"}],"wp:attachment":[{"href":"https:\/\/www.krippenlandschaft.ch\/index.php?rest_route=%2Fwp%2Fv2%2Fmedia&parent=8"}],"curies":[{"name":"wp","href":"https:\/\/api.w.org\/{rel}","templated":true}]}}